{"id":55,"date":"2025-08-13T17:06:38","date_gmt":"2025-08-13T17:06:38","guid":{"rendered":"http:\/\/nowood.fr\/?page_id=55"},"modified":"2025-08-25T09:04:07","modified_gmt":"2025-08-25T09:04:07","slug":"nowood","status":"publish","type":"page","link":"https:\/\/nowood.fr\/","title":{"rendered":"NoWood"},"content":{"rendered":"\n<div class=\"wp-block-media-text has-media-on-the-right is-stacked-on-mobile\" style=\"grid-template-columns:auto 16%\"><div class=\"wp-block-media-text__content\">\n<p>Nous concevons des meubles \u00e0 partir de carton <strong>ondul\u00e9 min\u00e9ral,<\/strong> un mat\u00e9riau innovant, r\u00e9utilisable, r\u00e9sistant \u00e0 l\u2019eau.<\/p>\n<\/div><figure class=\"wp-block-media-text__media\"><img loading=\"lazy\" decoding=\"async\" width=\"451\" height=\"451\" src=\"https:\/\/nowood.fr\/wp-content\/uploads\/2025\/08\/Logo_NoWood-e1755448133810.png\" alt=\"\" class=\"wp-image-28 size-full\" srcset=\"https:\/\/nowood.fr\/wp-content\/uploads\/2025\/08\/Logo_NoWood-e1755448133810.png 451w, https:\/\/nowood.fr\/wp-content\/uploads\/2025\/08\/Logo_NoWood-e1755448133810-300x300.png 300w, https:\/\/nowood.fr\/wp-content\/uploads\/2025\/08\/Logo_NoWood-e1755448133810-150x150.png 150w\" sizes=\"auto, (max-width: 451px) 100vw, 451px\" \/><\/figure><\/div>\n\n\n\n<div class=\"wp-block-cover is-light\"><img loading=\"lazy\" decoding=\"async\" width=\"1024\" height=\"1024\" class=\"wp-block-cover__image-background wp-image-50 size-large\" alt=\"\" src=\"https:\/\/nowood.fr\/wp-content\/uploads\/2025\/08\/Ondule-closeup-1024x1024.jpeg\" data-object-fit=\"cover\" srcset=\"https:\/\/nowood.fr\/wp-content\/uploads\/2025\/08\/Ondule-closeup-1024x1024.jpeg 1024w, https:\/\/nowood.fr\/wp-content\/uploads\/2025\/08\/Ondule-closeup-300x300.jpeg 300w, https:\/\/nowood.fr\/wp-content\/uploads\/2025\/08\/Ondule-closeup-150x150.jpeg 150w, https:\/\/nowood.fr\/wp-content\/uploads\/2025\/08\/Ondule-closeup-768x768.jpeg 768w, https:\/\/nowood.fr\/wp-content\/uploads\/2025\/08\/Ondule-closeup.jpeg 1536w\" sizes=\"auto, (max-width: 1024px) 100vw, 1024px\" \/><span aria-hidden=\"true\" class=\"wp-block-cover__background has-background-dim\" style=\"background-color:#a3a193\"><\/span><div class=\"wp-block-cover__inner-container has-global-padding is-layout-constrained wp-block-cover-is-layout-constrained\">\n<p class=\"has-text-align-center has-large-font-size\">NoWood<\/p>\n<\/div><\/div>\n\n\n\n<h3 class=\"wp-block-heading\">Qu&#8217;est le Carton Ondul\u00e9 Min\u00e9ral ?<\/h3>\n\n\n\n<p>Le carton ondul\u00e9 min\u00e9ral est une alternative durable et performante au carton traditionnel. Compos\u00e9 \u00e0 100\u202f% de papier min\u00e9ral issu de mati\u00e8res r\u00e9utilis\u00e9es, il ne contient aucune fibre de bois. Ce mat\u00e9riau est naturellement blanc, imperm\u00e9able, ind\u00e9chirable et r\u00e9sistant aux chocs, \u00e0 l&#8217;humidit\u00e9, au gel et \u00e0 la moisissure.<\/p>\n\n\n\n<p>Id\u00e9al pour les meubles fragiles ou de design haut de gamme, ce carton est r\u00e9utilisable et r\u00e9\u00e9tiquetable, permettant de r\u00e9duire les co\u00fbts logistiques tout en garantissant une pr\u00e9sentation soign\u00e9e et professionnelle. Sa structure robuste \u00e0 trois couches offre une protection optimale lors du transport et du stockage.<\/p>\n\n\n\n<p>Disponible en diff\u00e9rentes \u00e9paisseurs et personnalisable selon vos besoins, le carton min\u00e9ral ondul\u00e9 allie durabilit\u00e9, esth\u00e9tisme et performance pour un emballage \u00e0 la hauteur de votre mobilier.<\/p>\n\n\n\n<div style=\"height:40px\" aria-hidden=\"true\" class=\"wp-block-spacer\"><\/div>\n\n\n\n<hr class=\"wp-block-separator has-alpha-channel-opacity\"\/>\n\n\n\n<h3 class=\"wp-block-heading\">Qui sommes nous ?<\/h3>\n\n\n\n<p>NoWood est un projet bas\u00e9 \u00e0 Paris qui repense l\u2019avenir du <strong>mobilier<\/strong> \u2014 <strong>sans bois<\/strong>.<\/p>\n\n\n\n<div class=\"wp-block-group is-nowrap is-layout-flex wp-container-core-group-is-layout-6c531013 wp-block-group-is-layout-flex\">\n<p>Nous concevons des meubles \u00e0 partir de carton <strong>ondul\u00e9 min\u00e9ral,<\/strong> un mat\u00e9riau innovant, r\u00e9utilisable, r\u00e9sistant \u00e0 l\u2019eau, facile \u00e0 nettoyer, durable et \u00e9cologique. Que ce soit pour un salon professionnel, un \u00e9v\u00e9nement, une boutique ou votre int\u00e9rieur, NoWood vous accompagne avec des solutions intelligentes et durables.<\/p>\n<\/div>\n\n\n\n<p>Nous croyons que le design doit s\u2019adapter \u00e0 votre univers \u2014 c\u2019est pourquoi chaque pi\u00e8ce est <strong>enti\u00e8rement personnalisable<\/strong>, des couleurs aux imprim\u00e9s, selon vos go\u00fbts et besoins.<\/p>\n\n\n\n<div class=\"wp-block-media-text is-stacked-on-mobile\" style=\"grid-template-columns:28% auto\"><figure class=\"wp-block-media-text__media\"><img loading=\"lazy\" decoding=\"async\" width=\"779\" height=\"1024\" src=\"https:\/\/nowood.fr\/wp-content\/uploads\/2025\/08\/Michel-x-Camila_edited-779x1024.jpg\" alt=\"\" class=\"wp-image-91 size-full\" srcset=\"https:\/\/nowood.fr\/wp-content\/uploads\/2025\/08\/Michel-x-Camila_edited-779x1024.jpg 779w, https:\/\/nowood.fr\/wp-content\/uploads\/2025\/08\/Michel-x-Camila_edited-228x300.jpg 228w, https:\/\/nowood.fr\/wp-content\/uploads\/2025\/08\/Michel-x-Camila_edited-768x1009.jpg 768w, https:\/\/nowood.fr\/wp-content\/uploads\/2025\/08\/Michel-x-Camila_edited-1169x1536.jpg 1169w, https:\/\/nowood.fr\/wp-content\/uploads\/2025\/08\/Michel-x-Camila_edited.jpg 1206w\" sizes=\"auto, (max-width: 779px) 100vw, 779px\" \/><\/figure><div class=\"wp-block-media-text__content\">\n<p>Notre dernier projet marquant : une collaboration avec la c\u00e9l\u00e8bre artiste fran\u00e7aise ORLAN pour la cr\u00e9ation d\u2019un tabouret unique m\u00ealant art, innovation et durabilit\u00e9.<\/p>\n\n\n\n<div class=\"wp-block-file aligncenter\"><a id=\"wp-block-file--media-4354c087-37c9-41c9-9a7e-dfa54554aba8\" href=\"https:\/\/nowood.fr\/wp-content\/uploads\/2025\/08\/Dossier-Presse_FR_NoWood-ORLAN-202505.pdf\" target=\"_blank\" rel=\"noreferrer noopener\">Dossier Presse_FR_NoWood ORLAN 202505<\/a><a href=\"https:\/\/nowood.fr\/wp-content\/uploads\/2025\/08\/Dossier-Presse_FR_NoWood-ORLAN-202505.pdf\" class=\"wp-block-file__button wp-element-button\" download aria-describedby=\"wp-block-file--media-4354c087-37c9-41c9-9a7e-dfa54554aba8\">Download<\/a><\/div>\n<\/div><\/div>\n\n\n\n<p><strong>Construisons autrement \u2014 ensemble.<\/strong><\/p>\n\n\n\n<div style=\"height:40px\" aria-hidden=\"true\" class=\"wp-block-spacer\"><\/div>\n\n\n\n<hr class=\"wp-block-separator has-alpha-channel-opacity\"\/>\n\n\n\n<h3 class=\"wp-block-heading\">Notre offre <\/h3>\n\n\n\n<h5 class=\"wp-block-heading\"><strong>Un accompagnement<\/strong> <strong>de A \u00e0 Z pour les entreprises<\/strong><\/h5>\n\n\n\n<p>Nous vous accompagnons de la conception \u00e0 la livraison dans le but d\u2019offrir un impact positif qui perdure dans le temps, pour vous et pour notre avenir commun.<\/p>\n\n\n\n<p>Pour obtenir un devis ou plus d&#8217;informations contactez nous : ac.camila@gmail.com &#8211; michelsoyer@orange.fr<\/p>\n\n\n\n<div class=\"wp-block-buttons is-content-justification-center is-layout-flex wp-container-core-buttons-is-layout-a89b3969 wp-block-buttons-is-layout-flex\">\n<div class=\"wp-block-button has-custom-width wp-block-button__width-25\"><a class=\"wp-block-button__link wp-element-button\" href=\"mailto:ac.camila@gmail.com\">Contact <\/a><\/div>\n<\/div>\n\n\n\n<p><strong>Demandez votre devis.<\/strong><strong> <\/strong>Les commandes sont possibles pour des prototypes ou \u00e0 partir d\u2019un certain nombre de pi\u00e8ces et nous pouvons vous accompagner pour les grandes quantit\u00e9s. Indiquez-nous vos besoins et nous pourrons vous pr\u00e9parer un devis.<\/p>\n\n\n\n<p><strong>Les d\u00e9lais de livraison<\/strong><strong> <\/strong>varient en fonction des quantit\u00e9s. Contactez-nous pour plus de d\u00e9tail.<\/p>\n\n\n\n<div style=\"height:40px\" aria-hidden=\"true\" class=\"wp-block-spacer\"><\/div>\n\n\n\n<hr class=\"wp-block-separator has-alpha-channel-opacity\"\/>\n\n\n\n<div class=\"wp-block-media-text is-stacked-on-mobile\" style=\"grid-template-columns:30% auto\"><figure class=\"wp-block-media-text__media\"><img loading=\"lazy\" decoding=\"async\" width=\"758\" height=\"998\" src=\"https:\/\/nowood.fr\/wp-content\/uploads\/2025\/08\/SHOOTING_CAMILA_TABOURET.5.png\" alt=\"\" class=\"wp-image-80 size-full\" srcset=\"https:\/\/nowood.fr\/wp-content\/uploads\/2025\/08\/SHOOTING_CAMILA_TABOURET.5.png 758w, https:\/\/nowood.fr\/wp-content\/uploads\/2025\/08\/SHOOTING_CAMILA_TABOURET.5-228x300.png 228w\" sizes=\"auto, (max-width: 758px) 100vw, 758px\" \/><\/figure><div class=\"wp-block-media-text__content\">\n<p><strong>Tabourets et chaises<\/strong> <\/p>\n\n\n\n<p>Nous concevons des chaises et tabourets durables, confortables et robustes, fabriqu\u00e9s en carton min\u00e9ral ondul\u00e9. Enti\u00e8rement personnalis\u00e9s, ils allient design et performance, tout en \u00e9tant respectueux de l\u2019environnement, r\u00e9utilisables et \u00e9coresponsables.<\/p>\n<\/div><\/div>\n\n\n\n<div class=\"wp-block-media-text is-stacked-on-mobile\" style=\"grid-template-columns:29% auto\"><figure class=\"wp-block-media-text__media\"><img loading=\"lazy\" decoding=\"async\" width=\"683\" height=\"1024\" src=\"https:\/\/nowood.fr\/wp-content\/uploads\/2025\/08\/Work-table-sample_mineral-carton-683x1024.png\" alt=\"\" class=\"wp-image-120 size-full\" srcset=\"https:\/\/nowood.fr\/wp-content\/uploads\/2025\/08\/Work-table-sample_mineral-carton-683x1024.png 683w, https:\/\/nowood.fr\/wp-content\/uploads\/2025\/08\/Work-table-sample_mineral-carton-200x300.png 200w, https:\/\/nowood.fr\/wp-content\/uploads\/2025\/08\/Work-table-sample_mineral-carton-768x1152.png 768w, https:\/\/nowood.fr\/wp-content\/uploads\/2025\/08\/Work-table-sample_mineral-carton.png 1024w\" sizes=\"auto, (max-width: 683px) 100vw, 683px\" \/><\/figure><div class=\"wp-block-media-text__content\">\n<p><strong>Tables<\/strong><\/p>\n\n\n\n<p>Nos tables en carton min\u00e9ral ondul\u00e9 allient solidit\u00e9, esth\u00e9tisme et praticit\u00e9. Gr\u00e2ce \u00e0 ce mat\u00e9riau innovant, elles se nettoient facilement d\u2019une simple \u00e9ponge, qu\u2019il s\u2019agisse de poussi\u00e8re ou de taches. Disponibles en plusieurs tailles et enti\u00e8rement personnalisables, elles s\u2019adaptent \u00e0 tous les espaces tout en restant durables, r\u00e9utilisables et respectueuses de l\u2019environnement.<\/p>\n<\/div><\/div>\n\n\n\n<div class=\"wp-block-media-text is-stacked-on-mobile\" style=\"grid-template-columns:30% auto\"><figure class=\"wp-block-media-text__media\"><img loading=\"lazy\" decoding=\"async\" width=\"683\" height=\"1024\" src=\"https:\/\/nowood.fr\/wp-content\/uploads\/2025\/08\/20250812_1030_Box-in-Minimal-Space_remix_01k2ep9m83e88bznwv7pp84h08-2-683x1024.png\" alt=\"\" class=\"wp-image-16 size-full\" srcset=\"https:\/\/nowood.fr\/wp-content\/uploads\/2025\/08\/20250812_1030_Box-in-Minimal-Space_remix_01k2ep9m83e88bznwv7pp84h08-2-683x1024.png 683w, https:\/\/nowood.fr\/wp-content\/uploads\/2025\/08\/20250812_1030_Box-in-Minimal-Space_remix_01k2ep9m83e88bznwv7pp84h08-2-200x300.png 200w, https:\/\/nowood.fr\/wp-content\/uploads\/2025\/08\/20250812_1030_Box-in-Minimal-Space_remix_01k2ep9m83e88bznwv7pp84h08-2-768x1152.png 768w, https:\/\/nowood.fr\/wp-content\/uploads\/2025\/08\/20250812_1030_Box-in-Minimal-Space_remix_01k2ep9m83e88bznwv7pp84h08-2.png 1024w\" sizes=\"auto, (max-width: 683px) 100vw, 683px\" \/><\/figure><div class=\"wp-block-media-text__content\">\n<p><strong>Emballage et accessoires <\/strong><\/p>\n\n\n\n<p>Que vous d\u00e9m\u00e9nagiez, transportiez des marchandises ou ayez simplement besoin d\u2019emballer des objets, nos cartons en carton min\u00e9ral sont la solution id\u00e9ale. Robustes et r\u00e9utilisables, ils vous accompagneront pendant longtemps. Leur conception pliable et peu encombrante facilite le stockage, vous \u00e9vitant d\u2019avoir \u00e0 lib\u00e9rer un grand espace pour les ranger.<\/p>\n<\/div><\/div>\n\n\n\n<div class=\"wp-block-columns is-layout-flex wp-container-core-columns-is-layout-28f84493 wp-block-columns-is-layout-flex\">\n<div class=\"wp-block-column is-layout-flow wp-block-column-is-layout-flow\"><\/div>\n<\/div>\n\n\n\n<hr class=\"wp-block-separator has-alpha-channel-opacity\"\/>\n\n\n\n<h3 class=\"wp-block-heading\">Contact <\/h3>\n\n\n\n<p>Vous souhaitez collaborer ou acheter ?<\/p>\n\n\n\n<p>Contactez-nous :<\/p>\n\n\n\n<p>ac.camila@gmail.com &#8211; michelsoyer@orange.fr<\/p>\n\n\n\n<figure class=\"wp-block-image size-full\"><img loading=\"lazy\" decoding=\"async\" width=\"1206\" height=\"668\" src=\"https:\/\/nowood.fr\/wp-content\/uploads\/2025\/08\/IMG_6427.jpeg\" alt=\"\" class=\"wp-image-109\" srcset=\"https:\/\/nowood.fr\/wp-content\/uploads\/2025\/08\/IMG_6427.jpeg 1206w, https:\/\/nowood.fr\/wp-content\/uploads\/2025\/08\/IMG_6427-300x166.jpeg 300w, https:\/\/nowood.fr\/wp-content\/uploads\/2025\/08\/IMG_6427-1024x567.jpeg 1024w, https:\/\/nowood.fr\/wp-content\/uploads\/2025\/08\/IMG_6427-768x425.jpeg 768w\" sizes=\"auto, (max-width: 1206px) 100vw, 1206px\" \/><\/figure>\n","protected":false},"excerpt":{"rendered":"<p>Nous concevons des meubles \u00e0 partir de carton ondul\u00e9 min\u00e9ral, un mat\u00e9riau innovant, r\u00e9utilisable, r\u00e9sistant \u00e0 l\u2019eau. Qu&#8217;est le Carton Ondul\u00e9 Min\u00e9ral ? Le carton ondul\u00e9 min\u00e9ral est une alternative durable et performante au carton traditionnel. Compos\u00e9 \u00e0 100\u202f% de papier min\u00e9ral issu de mati\u00e8res r\u00e9utilis\u00e9es, il ne contient aucune fibre de bois. Ce mat\u00e9riau [&hellip;]<\/p>\n","protected":false},"author":1,"featured_media":0,"parent":0,"menu_order":0,"comment_status":"closed","ping_status":"closed","template":"","meta":{"footnotes":""},"class_list":["post-55","page","type-page","status-publish","hentry"],"_links":{"self":[{"href":"https:\/\/nowood.fr\/index.php\/wp-json\/wp\/v2\/pages\/55","targetHints":{"allow":["GET"]}}],"collection":[{"href":"https:\/\/nowood.fr\/index.php\/wp-json\/wp\/v2\/pages"}],"about":[{"href":"https:\/\/nowood.fr\/index.php\/wp-json\/wp\/v2\/types\/page"}],"author":[{"embeddable":true,"href":"https:\/\/nowood.fr\/index.php\/wp-json\/wp\/v2\/users\/1"}],"replies":[{"embeddable":true,"href":"https:\/\/nowood.fr\/index.php\/wp-json\/wp\/v2\/comments?post=55"}],"version-history":[{"count":14,"href":"https:\/\/nowood.fr\/index.php\/wp-json\/wp\/v2\/pages\/55\/revisions"}],"predecessor-version":[{"id":129,"href":"https:\/\/nowood.fr\/index.php\/wp-json\/wp\/v2\/pages\/55\/revisions\/129"}],"wp:attachment":[{"href":"https:\/\/nowood.fr\/index.php\/wp-json\/wp\/v2\/media?parent=55"}],"curies":[{"name":"wp","href":"https:\/\/api.w.org\/{rel}","templated":true}]}}